{"id":769,"date":"2020-05-27T13:48:07","date_gmt":"2020-05-27T18:48:07","guid":{"rendered":"https:\/\/enutritek.com.mx\/web\/?page_id=769"},"modified":"2025-04-20T09:25:21","modified_gmt":"2025-04-20T15:25:21","slug":"home","status":"publish","type":"page","link":"https:\/\/enutritek.com.mx\/web\/","title":{"rendered":"Inicio"},"content":{"rendered":"<p>[et_pb_section fb_built=\u00bb1&#8243; _builder_version=\u00bb4.16&#8243; min_height=\u00bb858px\u00bb custom_margin=\u00bb||38px|||\u00bb border_width_all=\u00bb0px\u00bb global_colors_info=\u00bb{}\u00bb][et_pb_row _builder_version=\u00bb4.16&#8243; min_height=\u00bb208px\u00bb custom_margin=\u00bb-55px|auto|-64px|auto||\u00bb custom_padding=\u00bb||0px|25px||\u00bb global_colors_info=\u00bb{}\u00bb][et_pb_column type=\u00bb4_4&#8243; _builder_version=\u00bb4.16&#8243; global_colors_info=\u00bb{}\u00bb][et_pb_text _builder_version=\u00bb4.16&#8243; _module_preset=\u00bbdefault\u00bb min_height=\u00bb82px\u00bb custom_margin=\u00bb||2px|||\u00bb custom_padding=\u00bb0px||0px|||\u00bb global_colors_info=\u00bb{}\u00bb]<\/p>\n<h4 class=\"et_pb_module_header et-fb-editable-element et-fb-editable-element__editing\" data-shortcode-id=\"0.0.1.0-1618795997444\" data-quickaccess-id=\"header\" contenteditable=\"true\"><span><span style=\"font-size: x-large;\">Queremos ser el aliado estrat\u00e9gico ideal<\/span>\u00a0<\/span><\/h4>\n<p style=\"text-align: justify;\">de la Industria alimentaria en M\u00e9xico brindando una gama de soluciones para apoyar en sus procesos de producci\u00f3n, comercializaci\u00f3n y cumplimiento regulatorio y normativo de sus productos ofreci\u00e9ndole soluciones acordes a sus necesidades, alcances, posibilidades y tiempos.<\/p>\n<p><span style=\"font-size: x-large;\"><\/span><\/p>\n<p style=\"text-align: justify;\">\n<p>[\/et_pb_text][\/et_pb_column][\/et_pb_row][et_pb_row _builder_version=\u00bb4.16&#8243; min_height=\u00bb120px\u00bb custom_margin=\u00bb-55px|auto|-64px|auto||\u00bb custom_padding=\u00bb||0px|25px||\u00bb global_colors_info=\u00bb{}\u00bb][et_pb_column type=\u00bb4_4&#8243; _builder_version=\u00bb4.16&#8243; global_colors_info=\u00bb{}\u00bb][et_pb_text _builder_version=\u00bb4.16&#8243; _module_preset=\u00bbdefault\u00bb min_height=\u00bb42px\u00bb custom_margin=\u00bb||2px|||\u00bb custom_padding=\u00bb0px||0px|||\u00bb global_colors_info=\u00bb{}\u00bb]<\/p>\n<h4 class=\"et_pb_module_header et-fb-editable-element et-fb-editable-element__editing\" data-shortcode-id=\"0.0.1.0-1618795997444\" data-quickaccess-id=\"header\" contenteditable=\"true\" style=\"text-align: center;\"><span style=\"font-size: x-large;\">Conoce nuestras divisiones<\/span><\/h4>\n<p style=\"text-align: justify;\">\n<p>[\/et_pb_text][\/et_pb_column][\/et_pb_row][et_pb_row _builder_version=\u00bb4.27.4&#8243; min_height=\u00bb1204px\u00bb custom_margin=\u00bb|auto|-110px|auto||\u00bb global_colors_info=\u00bb{}\u00bb][et_pb_column type=\u00bb4_4&#8243; _builder_version=\u00bb4.16&#8243; global_colors_info=\u00bb{}\u00bb][et_pb_blurb title=\u00bbDivisi\u00f3n de Etiquetado Comercial de Alimentos y Bebidas.\u00bb image=\u00bbhttps:\/\/enutritek.com.mx\/web\/wp-content\/uploads\/2021\/04\/Sin-titulo-1-1.png\u00bb image_icon_width=\u00bb70%\u00bb _builder_version=\u00bb4.27.4&#8243; text_orientation=\u00bbcenter\u00bb min_height=\u00bb1205px\u00bb custom_margin=\u00bb-25px||-27px|||\u00bb custom_padding=\u00bb38px||0px|||\u00bb border_radii_image=\u00bboff||||\u00bb border_style_all_image=\u00bbdouble\u00bb global_colors_info=\u00bb{}\u00bb]<\/p>\n<p style=\"text-align: justify;\">Esta divisi\u00f3n brinda los servicios necesarios para el etiquetado de sus productos a comercializar en territorio mexicano ya sea producci\u00f3n nacional o\u00a0 importaci\u00f3n (sobreetiquetado) para el cumplimiento de la modificaci\u00f3n a la NOM\u2010051\u2010SCFI\/SSA\u20102010 que entro en vigor el 1ero de octubre del 2020, bajo un enfoque:<\/p>\n<ul>\n<li style=\"text-align: justify;\"><strong>Preventivo<\/strong>: <em>Para evitar perder dinero por elevadas multas por incumplimiento u omisi\u00f3n a la normativa vigente aplicable.<\/em><\/li>\n<li style=\"text-align: justify;\"><strong>Defensivo<\/strong>: <em>Protegerse ante acciones de la competencia desleal y de cualquier error en el etiquetado ante el consumidor.<\/em><\/li>\n<li style=\"text-align: justify;\"><strong>Atractivo<\/strong>:\u00a0 <em>Que su etiquetado y estrategias de mercadotecnia promuevan el inter\u00e9s de compra en el consumidor por su producto sin utilizar publicidad enga\u00f1osa y<\/em><\/li>\n<li style=\"text-align: justify;\"><strong>Anal\u00edtico<\/strong>: <em>Analizar el comportamiento de su consumidor para detectar ventanas de oportunidad para innovar o desarrollar nuevos productos.<\/em><\/li>\n<\/ul>\n<p style=\"text-align: justify;\">Estos son nuestros servicios para el etiquetado de su producto:<\/p>\n<ul>\n<li style=\"text-align: justify;\"><strong>Tabla de Declaraci\u00f3n Nutrimental Te\u00f3rica:<\/strong> <em>(Determinaci\u00f3n Bromatol\u00f3gica te\u00f3rica de acuerdo al numeral: 4.5.2.4.15 de la NOM\u2010051\u2010SCFI\/SSA\u20102010) Ahora aplicando Inteligencia artificial entrenada y ajustada a valores de laboratorio por nuestros t\u00e9cnicos para brindarte mayor rapidez y confiabilidad a un costo muy asequible. Esta es la soluci\u00f3n ideal para emprendedores.<\/em><\/li>\n<li style=\"text-align: justify;\"><strong>Tabla de Declaraci\u00f3n Nutrimental por Laboratorio:<\/strong> <em>Contamos con alianzas estrat\u00e9gicas con diversos laboratorios acreditados por EMA (Entidad Mexicana de Acreditaci\u00f3n) para tener un control de los an\u00e1lisis y cumplir con las exigencias de los comercializadores que asi lo soliciten; esto nos permite un seguimiento seguro de sus muestras desde el envio hasta su ingreso a laboratorio donde los resultados llegaran de manera electronica a nuestras oficinas para mejorar los tiempos de respuesta y evitarle a usted traslados innecesarios.<\/em><\/li>\n<li style=\"text-align: justify;\"><strong>Construcci\u00f3n de Declaraci\u00f3n Nutrimental: <\/strong><em>Construimos la tabla de declaracion nutrimental para tu producto, ya sea a una, dos o mas columnas en versi\u00f3n tabular o lineal y entregandola en formato editable (.ai).<\/em><\/li>\n<li style=\"text-align: justify;\"><strong>Etiquetado Frontal (Sellos y\/o leyendas): <\/strong><em>Dise\u00f1amos los sellos y leyendas que apliquen a tu producto, entregandola en formato editable (.ai).<\/em><\/li>\n<li style=\"text-align: justify;\"><strong>Revisi\u00f3n o Correcci\u00f3n de la Implementaci\u00f3n de Informaci\u00f3n Comercial y Sanitaria en Etiqueta: <\/strong><em>Te ayudamos a implementar o corregir la informaci\u00f3n sanitaria comercial en la etiqueta de tu producto ya sea envase primario, secundario o terciario.<\/em><\/li>\n<li style=\"text-align: justify;\"><strong>Evaluaci\u00f3n de la conformidad ante Unidad de Inspecci\u00f3n: <\/strong><em>Gestionamos ante Unidad de Inspecci\u00f3n la \u00abConstancia de conformidad\u00bb (comercio nacional) y el \u00abDictamen de conformidad\u00a8 (Importacion) documento al que coloquialmente se le conoce como \u00abcertificaci\u00f3n de etiquetado\u00bb; asi como la gestion ante COFEPRIS para la obtencion del \u00abCertificado de libre venta\u00bb si vas a exportar y al pais que te dirijes te solicita este documento, todo esto para brindar certidumbre a los comercializadores de que su producto cumple cabalmente la NOM\u2010051\u2010SCFI\/SSA\u20102010 de acuerdo a su numeral 9 y que ante una verificaci\u00f3n de PROFECO o COFEPRIS su producto saldr\u00e1 avante. <\/em>\u00a0<\/li>\n<\/ul>\n<p style=\"text-align: left;\">.<\/p>\n<p>[\/et_pb_blurb][et_pb_video src=\u00bbhttps:\/\/www.youtube.com\/watch?v=8JY7A2FyV4o\u00bb src_last_edited=\u00bboff|desktop\u00bb _builder_version=\u00bb4.27.4&#8243; _module_preset=\u00bbdefault\u00bb width=\u00bb100%\u00bb max_width=\u00bb100%\u00bb module_alignment=\u00bbcenter\u00bb box_shadow_style=\u00bbpreset2&#8243; global_colors_info=\u00bb{}\u00bb src__hover_enabled=\u00bboff|desktop\u00bb][\/et_pb_video][\/et_pb_column][\/et_pb_row][et_pb_row _builder_version=\u00bb4.27.4&#8243; min_height=\u00bb3605px\u00bb custom_margin=\u00bb-22px|auto|-143px|auto||\u00bb custom_padding=\u00bb||52px|||\u00bb global_colors_info=\u00bb{}\u00bb][et_pb_column type=\u00bb4_4&#8243; _builder_version=\u00bb4.16&#8243; global_colors_info=\u00bb{}\u00bb][et_pb_blurb title=\u00bbDivisi\u00f3n de Etiquetado Comercial de Suplementos Alimenticios.\u00bb image=\u00bbhttps:\/\/enutritek.com.mx\/web\/wp-content\/uploads\/2021\/04\/DECSA.png\u00bb image_icon_width=\u00bb70%\u00bb _builder_version=\u00bb4.27.4&#8243; text_orientation=\u00bbcenter\u00bb min_height=\u00bb90px\u00bb custom_margin=\u00bb20px||9px|||\u00bb custom_padding=\u00bb60px||0px|||\u00bb global_colors_info=\u00bb{}\u00bb]<\/p>\n<p style=\"text-align: justify;\">Esta divisi\u00f3n brinda los servicios necesarios para el etiquetado de sus suplementos alimenticios a comercializar en territorio mexicano ya sea producci\u00f3n nacional o\u00a0 importaci\u00f3n cumpliendo la regulacion vigente de la Ley General de Salud, sus reglamentos y la COFEPRIS.<\/p>\n<p style=\"text-align: justify;\">Estos son nuestros servicios para el etiquetado de su producto:<\/p>\n<ul>\n<li style=\"text-align: justify;\"><strong>Revisi\u00f3n de ingredientes de formulaci\u00f3n:<\/strong><em> Revisamos los ingredientes de su producto para verificar que se encuentran dentro de lo permitido y evitar sanciones por contener ingredientes prohibidos o restringidos por COFEPRIS.<\/em><\/li>\n<li style=\"text-align: justify;\"><strong>Revisi\u00f3n de Etiquetado: <\/strong><em>Se verifica que el etiquetado del producto ya sea de origen nacional o importado cumpla con la regulacion de acuerdo al Ap\u00e9ndice XVII del Reglamento de Control Sanitario de Productos y Servicios. y al art\u00edculo 25 del Reglamento de Control Sanitario de Productos y Servicios.<\/em><\/li>\n<li style=\"text-align: justify;\"><strong>Creaci\u00f3n de dossier m\u00ednimo operativo t\u00e9cnico de producto: <\/strong><em>Le ayudamos a crear la documentaci\u00f3n que marca el ART\u00cdCULO 172 REGLAMENTO de Control Sanitario de Productos y Servicios. y la NOM-251-SSA1-2009, Pr\u00e1cticas de higiene para el proceso de alimentos, bebidas o suplementos alimenticios.\u00a0 que es obligatoria para la empresa y podra ser solicitada por la autoridad cuando asi lo requiera.<\/em><strong><\/strong><\/li>\n<li style=\"text-align: justify;\"><strong>Gesti\u00f3n de \u00abConsulta de clasificaci\u00f3n de producto como suplemento alimenticio\u00bbante cofepris: <\/strong><em>Gestionamos en el CIS COFEPRIS de CDMX la Consulta de Clasificaci\u00f3n de Producto en base a lo que indica el art\u00edculo 172 del Reglamento de Control Sanitario de Productos y Servicios.<\/em><\/li>\n<li style=\"text-align: justify;\"><strong>Gesti\u00f3n del permiso de publicidad: <\/strong>G<em>esti\u00f3n del permiso de publicidad para prevenir las sanciones previstas en la Ley General de Salud<\/em><\/li>\n<li style=\"text-align: justify;\"><\/li>\n<li style=\"text-align: justify;\">k\u00a0<\/li>\n<\/ul>\n<p style=\"text-align: justify;\">\n<p style=\"text-align: justify;\">Si requieres servicios mas especializados para el etiquetado de tu Suplemento Alimenticio contactanos.<\/p>\n<p>[\/et_pb_blurb][et_pb_blurb title=\u00bbDivisi\u00f3n de Profesionalizaci\u00f3n Productiva y Comercial\u00bb image=\u00bbhttps:\/\/enutritek.com.mx\/web\/wp-content\/uploads\/2021\/04\/progreso.png\u00bb image_icon_width=\u00bb70%\u00bb _builder_version=\u00bb4.27.4&#8243; text_orientation=\u00bbcenter\u00bb min_height=\u00bb968.8px\u00bb custom_margin=\u00bb2px||-72px|||\u00bb custom_padding=\u00bb0px||0px|||\u00bb global_colors_info=\u00bb{}\u00bb]<\/p>\n<p style=\"text-align: justify;\">Creamos esta divisi\u00f3n para apoyarte a mejorar tus utilidades mediante la optimizaci\u00f3n de procesos, disminuci\u00f3n de merma mejorando la calidad de tus productos cumpliendo las certificaciones que tus comercializadores te soliciten y previniendo multas por incumplimiento de normativa regulatoria que apliquen a tu planta y producto. As\u00ed mismo te ayudamos a prepararte para acudir a mesas de negocios con retailers y tengas mejores oportunidades de hacer cierres de negocios de proveedur\u00eda.<\/p>\n<p style=\"text-align: left;\">Estos son algunos de nuestros servicios:<\/p>\n<ul>\n<li style=\"text-align: left;\">Optimizaci\u00f3n de procesos productivos.<\/li>\n<li style=\"text-align: left;\">Disminuci\u00f3n de merma.<\/li>\n<li style=\"text-align: left;\">Capacitaci\u00f3n al recurso humano sobre BPM<\/li>\n<li style=\"text-align: left;\">Implementaci\u00f3n de la<span>\u00a0<\/span><em>NOM<\/em><span>&#8211;<\/span><em>251<\/em><span>-SSA1-2009<\/span>.<\/li>\n<li style=\"text-align: left;\">Construcci\u00f3n de Plan HACCP.<\/li>\n<li style=\"text-align: left;\">Certificaciones de inocuidad alimentaria.<\/li>\n<li style=\"text-align: left;\">Asesor\u00eda para la obtenci\u00f3n de distintivo Kosher o Halal.<\/li>\n<li style=\"text-align: left;\">Apertura de nuevos puntos de venta.<\/li>\n<li style=\"text-align: left;\">Creaci\u00f3n de Documentaci\u00f3n para Mesas de negocio de proveedur\u00eda.<\/li>\n<li style=\"text-align: left;\">Asesor\u00eda sobre digitalizaci\u00f3n de tu empresa para vender en linea.<\/li>\n<\/ul>\n<p>Si requieres servicios mas especializados para la profesionalizaci\u00f3n de tu empresa o emprendimiento contactanos.<\/p>\n<p>&nbsp;<\/p>\n<p>[\/et_pb_blurb][et_pb_blurb title=\u00bbDivisi\u00f3n de Investigaci\u00f3n, Desarrollo y Vinculaci\u00f3n de nuevos productos.\u00bb image=\u00bbhttps:\/\/enutritek.com.mx\/web\/wp-content\/uploads\/2021\/04\/DVID.png\u00bb image_icon_width=\u00bb70%\u00bb _builder_version=\u00bb4.27.4&#8243; text_orientation=\u00bbcenter\u00bb global_colors_info=\u00bb{}\u00bb]<\/p>\n<p style=\"text-align: justify;\">Si estas pensando en mejorar, innovar o crear un producto nuevo y quieres hacerlo de la mano de expertos para incrementar el \u00e9xito de tu proyecto en esta divisi\u00f3n encontraras investigadores que te apoyaran a consolidar tu idea adem\u00e1s mediante esta divisi\u00f3n podr\u00e1s vincularte con centros de investigaci\u00f3n unversitarios para encontrar al experto ideal para tu proyecto.<\/p>\n<p>Si requieres servicios mas especializados de investigaci\u00f3n, desarrollo o vinculaci\u00f3n para tu proyecto contactanos.<\/p>\n<p>&nbsp;<\/p>\n<p>[\/et_pb_blurb][et_pb_blurb title=\u00bbDivisi\u00f3n de Publicidad y Marketing en Alimentaci\u00f3n, Nutrici\u00f3n y Salud\u00bb image=\u00bbhttps:\/\/enutritek.com.mx\/web\/wp-content\/uploads\/2021\/04\/DPyMANS.png\u00bb image_icon_width=\u00bb70%\u00bb _builder_version=\u00bb4.27.4&#8243; text_orientation=\u00bbcenter\u00bb min_height=\u00bb663px\u00bb custom_margin=\u00bb||-103px|||\u00bb custom_padding=\u00bb||0px|||\u00bb global_colors_info=\u00bb{}\u00bb]<\/p>\n<p style=\"text-align: justify;\">\u00a0 Te apoyamos a crear campa\u00f1as de publicidad que incrementen tus ventas resaltando los beneficios de tu producto con informaci\u00f3n basada en evidencia cient\u00edfica\u00a0 evitando malas practicas que incurran en publicidad enga\u00f1osa que le genere sanciones por denuncia o crisis por se\u00f1alamientos medi\u00e1ticos en redes sociales que generen perdida de credibilidad de su producto traduci\u00e9ndose en perdidas econ\u00f3micas.<\/p>\n<p style=\"text-align: left;\">estos son algunos de nuestros servicios:<\/p>\n<ul>\n<li style=\"text-align: left;\">Creaci\u00f3n de Dossier de producto.<\/li>\n<li style=\"text-align: left;\">Creaci\u00f3n de Brief. para campa\u00f1as digitales.<\/li>\n<li style=\"text-align: left;\">Revisi\u00f3n y correcci\u00f3n de mensajes.<\/li>\n<li style=\"text-align: left;\">Creaci\u00f3n de guiones de ventas.<\/li>\n<li style=\"text-align: left;\">Asesor\u00eda para creaci\u00f3n de contenido multiformato de consumo de lealtad.<\/li>\n<li style=\"text-align: left;\">Soporte t\u00e9cnico para el control de crisis en <span>RRSS.<\/span><\/li>\n<li style=\"text-align: left;\">Capacitaci\u00f3n para Comunity managers.<\/li>\n<li style=\"text-align: left;\">Creacion y\/o operaci\u00f3n de centros de nutrici\u00f3n para atenci\u00f3n a clientes.<\/li>\n<\/ul>\n<p>Si requieres servicios mas especializados para una publicidad transparente, corresponsable y con valores que aumente las ventas contactanos.<\/p>\n<p>[\/et_pb_blurb][\/et_pb_column][\/et_pb_row][\/et_pb_section]<\/p>\n","protected":false},"excerpt":{"rendered":"<p>Queremos ser el aliado estrat\u00e9gico ideal\u00a0 de la Industria alimentaria en M\u00e9xico brindando una gama de soluciones para apoyar en sus procesos de producci\u00f3n, comercializaci\u00f3n y cumplimiento regulatorio y normativo de sus productos ofreci\u00e9ndole soluciones acordes a sus necesidades, alcances, posibilidades y tiempos. Conoce nuestras divisiones Esta divisi\u00f3n brinda los servicios necesarios para el etiquetado [&hellip;]<\/p>\n","protected":false},"author":2,"featured_media":746,"parent":0,"menu_order":0,"comment_status":"closed","ping_status":"closed","template":"","meta":{"_et_pb_use_builder":"on","_et_pb_old_content":"","_et_gb_content_width":"","footnotes":""},"class_list":["post-769","page","type-page","status-publish","has-post-thumbnail","hentry"],"_links":{"self":[{"href":"https:\/\/enutritek.com.mx\/web\/wp-json\/wp\/v2\/pages\/769","targetHints":{"allow":["GET"]}}],"collection":[{"href":"https:\/\/enutritek.com.mx\/web\/wp-json\/wp\/v2\/pages"}],"about":[{"href":"https:\/\/enutritek.com.mx\/web\/wp-json\/wp\/v2\/types\/page"}],"author":[{"embeddable":true,"href":"https:\/\/enutritek.com.mx\/web\/wp-json\/wp\/v2\/users\/2"}],"replies":[{"embeddable":true,"href":"https:\/\/enutritek.com.mx\/web\/wp-json\/wp\/v2\/comments?post=769"}],"version-history":[{"count":211,"href":"https:\/\/enutritek.com.mx\/web\/wp-json\/wp\/v2\/pages\/769\/revisions"}],"predecessor-version":[{"id":1385,"href":"https:\/\/enutritek.com.mx\/web\/wp-json\/wp\/v2\/pages\/769\/revisions\/1385"}],"wp:featuredmedia":[{"embeddable":true,"href":"https:\/\/enutritek.com.mx\/web\/wp-json\/wp\/v2\/media\/746"}],"wp:attachment":[{"href":"https:\/\/enutritek.com.mx\/web\/wp-json\/wp\/v2\/media?parent=769"}],"curies":[{"name":"wp","href":"https:\/\/api.w.org\/{rel}","templated":true}]}}